{"id":73,"date":"2010-07-12T14:20:58","date_gmt":"2010-07-12T18:20:58","guid":{"rendered":"http:\/\/www.mappingbahia.org\/project\/?page_id=73"},"modified":"2010-07-18T17:15:37","modified_gmt":"2010-07-18T21:15:37","slug":"secondary-sources","status":"publish","type":"page","link":"https:\/\/www.mappingbahia.org\/project\/sources\/secondary-sources\/","title":{"rendered":"Secondary Sources"},"content":{"rendered":"<p><span style=\"font-family: georgia,palatino;\">Barickman, B.J.\u00a0 \u201cAna Paulinha de Queir\u00f3s, Joaquina da Costa, and Their Neighbors: Free Women of Color as Household Heads in Rural Bahia (Brazil), 1835.\u201d In <a href=\"http:\/\/www.worldcat.org\/title\/beyond-bondage-free-women-of-color-in-the-americas\/oclc\/54455259\" target=\"_blank\"><em>Beyond Bondage: Free Women of Color in the Americas<\/em><\/a>, edited by David Barry Gaspar and Darlene Clark Hine.\u00a0 Urbana: University of Illinois Press, 2004.<\/span><\/p>\n<p><span style=\"font-family: georgia,palatino;\"> \u2014\u2014\u2014.\u00a0 <a href=\"http:\/\/www.worldcat.org\/title\/bahian-counterpoint-sugar-tobacco-cassava-and-slavery-in-the-reconcavo-1780-1860\/oclc\/37783051\" target=\"_blank\"><em>A Bahian Counterpoint: Sugar, Tobacco, Cassava, and Slavery in the Rec\u00f4ncavo, 1780-1860<\/em><\/a>.\u00a0 Stanford: Stanford UP, 1998.<\/span><\/p>\n<p><span style=\"font-family: georgia,palatino;\"> <\/span><\/p>\n<p><span style=\"font-family: georgia,palatino;\"> \u2014\u2014\u2014. \u201c<a href=\"http:\/\/www.jstor.org\/stable\/2517495\" target=\"_blank\">&#8216;A bit of land, which they call ro\u00e7a:&#8217; Slave Provision Grounds in the Bahian Rec\u00f4ncavo, 1780-1860<\/a>.\u201d <em>Hispanic American Historical Review <\/em>74 (November 1994): 649-687.<\/span><\/p>\n<p><span style=\"font-family: georgia,palatino;\">\u2014\u2014\u2014. \u201cAs cores do escravismo: escravistas &#8216;pretos&#8217;, &#8216;pardos&#8217; e &#8216;cabras&#8217; no Rec\u00f4ncavo baiano, 1835.\u201d <em>Popula\u00e7\u00e3o e Fam\u00edlia<\/em> 2 (1999): 7-59.<\/span><\/p>\n<p><span style=\"font-family: georgia,palatino;\">\u2014\u2014\u2014. \u201c<a href=\"http:\/\/www.jstor.org\/stable\/157696\" target=\"_blank\">Persistence and Decline: Slave Labor and Sugar Production in the Bahian Rec\u00f4ncavo, 1850-1888<\/a>.\u201d <em>Journal of Latin American Studies <\/em>28 (1996): 581-633.<\/span><\/p>\n<p><span style=\"font-family: georgia,palatino;\">\u2014\u2014\u2014. \u201c<a href=\"http:\/\/www.jstor.org\/stable\/1008500\" target=\"_blank\">Reading the 1835 Parish Censuses from Bahia: Citizenship, Kinship, Slavery, and Household in Early Nineteenth-Century Brazil<\/a>.\u201d <em>The Americas<\/em> 59 (2003): 287-324.<\/span><\/p>\n<p><span style=\"font-family: georgia,palatino;\">\u2014\u2014\u2014. \u201c<a href=\"http:\/\/hahr.dukejournals.org\/cgi\/reprint\/84\/4\/619.pdf\" target=\"_blank\">Revisiting the Casa-grande: Plantation and Cane Farming Households in Early Nineteenth-Century Bahia<\/a>.\u201d <em>Hispanic American Historical Review <\/em>84 (2004): 619-661.<\/span><\/p>\n<p><span style=\"font-family: georgia,palatino;\">Holt, Katherine. \u201c<a href=\"http:\/\/journals.cambridge.org\/action\/displayAbstract?aid=364421\" target=\"_blank\">Marriage Choices in a Plantation Society: Bahia, Brazil<\/a>.\u201d<em> International Review of Social History <\/em>13 (2005).<\/span><\/p>\n<p><span style=\"font-family: georgia,palatino;\">Schwartz, Stuart B.<em> <a href=\"http:\/\/www.worldcat.org\/title\/sugar-plantations-in-the-formation-of-brazilian-society-bahia-1550-1835\/oclc\/11916995\" target=\"_blank\"> Sugar Plantations in the Formation of Brazilian Society: Bahia, 1550-1835<\/a><\/em>. New York: Cambridge University Press, 1985.<\/span><\/p>\n","protected":false},"excerpt":{"rendered":"<p>Barickman, B.J.\u00a0 \u201cAna Paulinha de Queir\u00f3s, Joaquina da Costa, and Their Neighbors: Free Women of Color as Household Heads in Rural Bahia (Brazil), 1835.\u201d In Beyond Bondage: Free Women of Color in the Americas, edited by David Barry Gaspar and Darlene Clark Hine.\u00a0 Urbana: University of Illinois Press, 2004. \u2014\u2014\u2014.\u00a0 A Bahian Counterpoint: Sugar, Tobacco, [&hellip;]<\/p>\n","protected":false},"author":1,"featured_media":0,"parent":9,"menu_order":0,"comment_status":"closed","ping_status":"open","template":"","meta":{"_monsterinsights_skip_tracking":false,"_monsterinsights_sitenote_active":false,"_monsterinsights_sitenote_note":"","_monsterinsights_sitenote_category":0,"ngg_post_thumbnail":0,"footnotes":""},"class_list":["post-73","page","type-page","status-publish","hentry"],"_links":{"self":[{"href":"https:\/\/www.mappingbahia.org\/project\/wp-json\/wp\/v2\/pages\/73","targetHints":{"allow":["GET"]}}],"collection":[{"href":"https:\/\/www.mappingbahia.org\/project\/wp-json\/wp\/v2\/pages"}],"about":[{"href":"https:\/\/www.mappingbahia.org\/project\/wp-json\/wp\/v2\/types\/page"}],"author":[{"embeddable":true,"href":"https:\/\/www.mappingbahia.org\/project\/wp-json\/wp\/v2\/users\/1"}],"replies":[{"embeddable":true,"href":"https:\/\/www.mappingbahia.org\/project\/wp-json\/wp\/v2\/comments?post=73"}],"version-history":[{"count":9,"href":"https:\/\/www.mappingbahia.org\/project\/wp-json\/wp\/v2\/pages\/73\/revisions"}],"predecessor-version":[{"id":391,"href":"https:\/\/www.mappingbahia.org\/project\/wp-json\/wp\/v2\/pages\/73\/revisions\/391"}],"up":[{"embeddable":true,"href":"https:\/\/www.mappingbahia.org\/project\/wp-json\/wp\/v2\/pages\/9"}],"wp:attachment":[{"href":"https:\/\/www.mappingbahia.org\/project\/wp-json\/wp\/v2\/media?parent=73"}],"curies":[{"name":"wp","href":"https:\/\/api.w.org\/{rel}","templated":true}]}}