{"id":7,"date":"2010-06-19T16:14:10","date_gmt":"2010-06-19T16:14:10","guid":{"rendered":"http:\/\/www.mappingbahia.org\/project\/?page_id=7"},"modified":"2010-07-18T22:39:20","modified_gmt":"2010-07-19T02:39:20","slug":"explore-the-database","status":"publish","type":"page","link":"https:\/\/www.mappingbahia.org\/project\/explore-the-database\/","title":{"rendered":"Explore the Database"},"content":{"rendered":"<p><strong>Head of household&#8217;s race by marital status and sex<\/strong><\/p>\n\n<object classid=\"clsid:D27CDB6E-AE6D-11cf-96B8-444553540000\"\n\t\t\tid=\"fm_HoHCivilRace_1435495732\"\n\t\t\tclass=\"flashmovie\"\n\t\t\twidth=\"640\"\n\t\t\theight=\"320\">\n\t<param name=\"movie\" value=\"swf\/HoHCivilRace.swf\" \/>\n\t<!--[if !IE]>-->\n\t<object\ttype=\"application\/x-shockwave-flash\"\n\t\t\tdata=\"swf\/HoHCivilRace.swf\"\n\t\t\tname=\"fm_HoHCivilRace_1435495732\"\n\t\t\twidth=\"640\"\n\t\t\theight=\"320\">\n\t<!--<![endif]-->\n\t\t\n<p><a href=\"http:\/\/adobe.com\/go\/getflashplayer\"><img decoding=\"async\" src=\"http:\/\/www.adobe.com\/images\/shared\/download_buttons\/get_flash_player.gif\" alt=\"Get Adobe Flash player\" \/><\/a><\/p>\n\n\t<!--[if !IE]>-->\n\t<\/object>\n\t<!--<![endif]-->\n<\/object>\n<p>Lorem ipsum dolor sit amet, consectetur adipiscing elit. Cras diam odio,  lobortis quis iaculis id, tincidunt non erat. Sed in mauris orci.  Praesent ultrices facilisis lectus, blandit convallis lorem consequat a.  Maecenas pharetra pharetra velit nec pulvinar. Nulla a nulla libero.  Nunc porta porta vestibulum. Mauris interdum, urna vel porttitor  scelerisque, quam felis pretium ligula, vitae fermentum dolor felis et  nisl.<\/p>\n<p><strong>Total population&#8217;s marital status by race<\/strong><\/p>\n\n<object classid=\"clsid:D27CDB6E-AE6D-11cf-96B8-444553540000\"\n\t\t\tid=\"fm_Pies_1626979133\"\n\t\t\tclass=\"flashmovie\"\n\t\t\twidth=\"620\"\n\t\t\theight=\"320\">\n\t<param name=\"movie\" value=\"swf\/Pies.swf\" \/>\n\t<!--[if !IE]>-->\n\t<object\ttype=\"application\/x-shockwave-flash\"\n\t\t\tdata=\"swf\/Pies.swf\"\n\t\t\tname=\"fm_Pies_1626979133\"\n\t\t\twidth=\"620\"\n\t\t\theight=\"320\">\n\t<!--<![endif]-->\n\t\t<a href=\"http:\/\/adobe.com\/go\/getflashplayer\"><img decoding=\"async\" src=\"http:\/\/www.adobe.com\/images\/shared\/download_buttons\/get_flash_player.gif\" alt=\"Get Adobe Flash player\" \/><\/a><\/p>\n\n\t<!--[if !IE]>-->\n\t<\/object>\n\t<!--<![endif]-->\n<\/object>\n<h3><span style=\"font-family: arial,helvetica,sans-serif;\"><span style=\"font-size: small;\">Original Source for the Database: <\/span><\/span><\/h3>\n<p><span style=\"font-size: small;\"><span style=\"font-family: arial,helvetica,sans-serif;\"><a href=\"Arquivo P\u00fablico do Estado da Bahia, Salvador.  \u201cRela\u00e7\u00e3o de Fogos e Moradores da Freguesia de Santiago Maior do Iguape, da comarca da Vila da Cachoeira,\u201d Se\u00e7\u00e3o Provincial e Colonial, ma\u00e7o 6175-1.\" target=\"_blank\">Arquivo P\u00fablico do Estado da Bahia<\/a>, Salvador.  \u201cRela\u00e7\u00e3o de Fogos e Moradores da Freguesia de Santiago Maior do Iguape, da comarca da Vila da Cachoeira,\u201d Se\u00e7\u00e3o Provincial e Colonial, ma\u00e7o 6175-1.<\/span><\/span><\/p>\n","protected":false},"excerpt":{"rendered":"<p>Head of household&#8217;s race by marital status and sex Lorem ipsum dolor sit amet, consectetur adipiscing elit. Cras diam odio, lobortis quis iaculis id, tincidunt non erat. Sed in mauris orci. Praesent ultrices facilisis lectus, blandit convallis lorem consequat a. Maecenas pharetra pharetra velit nec pulvinar. Nulla a nulla libero. Nunc porta porta vestibulum. Mauris [&hellip;]<\/p>\n","protected":false},"author":1,"featured_media":0,"parent":0,"menu_order":2,"comment_status":"open","ping_status":"open","template":"page-explore.php","meta":{"_monsterinsights_skip_tracking":false,"_monsterinsights_sitenote_active":false,"_monsterinsights_sitenote_note":"","_monsterinsights_sitenote_category":0,"ngg_post_thumbnail":0,"footnotes":""},"class_list":["post-7","page","type-page","status-publish","hentry"],"_links":{"self":[{"href":"https:\/\/www.mappingbahia.org\/project\/wp-json\/wp\/v2\/pages\/7","targetHints":{"allow":["GET"]}}],"collection":[{"href":"https:\/\/www.mappingbahia.org\/project\/wp-json\/wp\/v2\/pages"}],"about":[{"href":"https:\/\/www.mappingbahia.org\/project\/wp-json\/wp\/v2\/types\/page"}],"author":[{"embeddable":true,"href":"https:\/\/www.mappingbahia.org\/project\/wp-json\/wp\/v2\/users\/1"}],"replies":[{"embeddable":true,"href":"https:\/\/www.mappingbahia.org\/project\/wp-json\/wp\/v2\/comments?post=7"}],"version-history":[{"count":11,"href":"https:\/\/www.mappingbahia.org\/project\/wp-json\/wp\/v2\/pages\/7\/revisions"}],"predecessor-version":[{"id":29,"href":"https:\/\/www.mappingbahia.org\/project\/wp-json\/wp\/v2\/pages\/7\/revisions\/29"}],"wp:attachment":[{"href":"https:\/\/www.mappingbahia.org\/project\/wp-json\/wp\/v2\/media?parent=7"}],"curies":[{"name":"wp","href":"https:\/\/api.w.org\/{rel}","templated":true}]}}