{"id":177,"date":"2010-07-13T22:18:23","date_gmt":"2010-07-14T02:18:23","guid":{"rendered":"http:\/\/www.mappingbahia.org\/project\/?page_id=177"},"modified":"2010-07-18T17:09:14","modified_gmt":"2010-07-18T21:09:14","slug":"rugendas","status":"publish","type":"page","link":"https:\/\/www.mappingbahia.org\/project\/rugendas\/","title":{"rendered":"Rugendas"},"content":{"rendered":"<p><span style=\"font-family: georgia,palatino;\">Rugendas, Johann Moritz. <a href=\"http:\/\/www.worldcat.org\/title\/viagem-pitoresca-atraves-do-brasil-voyage-pittoresque-dans-le-bresil\/oclc\/882937\" target=\"_blank\"><em>Voyage pittoresque dans le Br\u00e9sil<\/em><\/a>. Translated by Marie Philippe Aim\u00e9 de Golb\u00e9ry. Paris: Engelmann &amp; cie., 1835.<\/span><\/p>\n<p>For an insightful analysis of Rugendas&#8217; work focusing on his depiction of race and Brazilian slavery, see Robert Slenes, &#8220;African Abrahams, Lucretias and Men of Sorrows: Allegory and Allusion in the Brazilian Anti-slavery Lithographs (1827-1835) of Johann Moritz Rugendas,&#8221; <em>Slavery and Abolition <\/em>23 (2002): 147-168.<\/p>\n<p><span style=\"font-family: georgia,palatino;\"><code>ngg_shortcode_0_placeholder<\/code><\/span><\/p>\n","protected":false},"excerpt":{"rendered":"<p>Rugendas, Johann Moritz. Voyage pittoresque dans le Br\u00e9sil. Translated by Marie Philippe Aim\u00e9 de Golb\u00e9ry. Paris: Engelmann &amp; cie., 1835. For an insightful analysis of Rugendas&#8217; work focusing on his depiction of race and Brazilian slavery, see Robert Slenes, &#8220;African Abrahams, Lucretias and Men of Sorrows: Allegory and Allusion in the Brazilian Anti-slavery Lithographs (1827-1835) [&hellip;]<\/p>\n","protected":false},"author":1,"featured_media":0,"parent":0,"menu_order":0,"comment_status":"closed","ping_status":"open","template":"","meta":{"_monsterinsights_skip_tracking":false,"_monsterinsights_sitenote_active":false,"_monsterinsights_sitenote_note":"","_monsterinsights_sitenote_category":0,"ngg_post_thumbnail":0,"footnotes":""},"class_list":["post-177","page","type-page","status-publish","hentry"],"_links":{"self":[{"href":"https:\/\/www.mappingbahia.org\/project\/wp-json\/wp\/v2\/pages\/177","targetHints":{"allow":["GET"]}}],"collection":[{"href":"https:\/\/www.mappingbahia.org\/project\/wp-json\/wp\/v2\/pages"}],"about":[{"href":"https:\/\/www.mappingbahia.org\/project\/wp-json\/wp\/v2\/types\/page"}],"author":[{"embeddable":true,"href":"https:\/\/www.mappingbahia.org\/project\/wp-json\/wp\/v2\/users\/1"}],"replies":[{"embeddable":true,"href":"https:\/\/www.mappingbahia.org\/project\/wp-json\/wp\/v2\/comments?post=177"}],"version-history":[{"count":11,"href":"https:\/\/www.mappingbahia.org\/project\/wp-json\/wp\/v2\/pages\/177\/revisions"}],"predecessor-version":[{"id":383,"href":"https:\/\/www.mappingbahia.org\/project\/wp-json\/wp\/v2\/pages\/177\/revisions\/383"}],"wp:attachment":[{"href":"https:\/\/www.mappingbahia.org\/project\/wp-json\/wp\/v2\/media?parent=177"}],"curies":[{"name":"wp","href":"https:\/\/api.w.org\/{rel}","templated":true}]}}